{"id":186,"date":"2025-09-29T19:06:47","date_gmt":"2025-09-29T19:06:47","guid":{"rendered":"https:\/\/mexmood.com\/?page_id=186"},"modified":"2025-10-10T23:23:50","modified_gmt":"2025-10-10T23:23:50","slug":"experiencias","status":"publish","type":"page","link":"https:\/\/mexmood.com\/?page_id=186","title":{"rendered":"Vive M\u00e9xico con meXmood"},"content":{"rendered":"<p style=\"text-align: left;\"><br data-start=\"167\" data-end=\"170\" \/>Explora, disfruta y reserva experiencias \u00fanicas en los destinos m\u00e1s vibrantes de M\u00e9xico. Desde recorridos culturales y sabores locales hasta aventuras al aire libre, en meXmood encuentras el plan perfecto para cada momento. \u00a1Elige tu experiencia y vive M\u00e9xico como nunca antes!<\/p>\n","protected":false},"excerpt":{"rendered":"<p>Explora, disfruta y reserva experiencias \u00fanicas en los destinos m\u00e1s vibrantes de M\u00e9xico. Desde recorridos culturales y sabores locales hasta aventuras al aire libre, en meXmood encuentras el plan perfecto para cada momento. \u00a1Elige tu experiencia y vive M\u00e9xico como nunca antes!<\/p>\n","protected":false},"author":1,"featured_media":0,"parent":0,"menu_order":0,"comment_status":"closed","ping_status":"closed","template":"page-listado-experiencias.php","meta":{"_acf_changed":false,"footnotes":""},"class_list":["post-186","page","type-page","status-publish","hentry"],"acf":[],"_links":{"self":[{"href":"https:\/\/mexmood.com\/index.php?rest_route=\/wp\/v2\/pages\/186","targetHints":{"allow":["GET"]}}],"collection":[{"href":"https:\/\/mexmood.com\/index.php?rest_route=\/wp\/v2\/pages"}],"about":[{"href":"https:\/\/mexmood.com\/index.php?rest_route=\/wp\/v2\/types\/page"}],"author":[{"embeddable":true,"href":"https:\/\/mexmood.com\/index.php?rest_route=\/wp\/v2\/users\/1"}],"replies":[{"embeddable":true,"href":"https:\/\/mexmood.com\/index.php?rest_route=%2Fwp%2Fv2%2Fcomments&post=186"}],"version-history":[{"count":5,"href":"https:\/\/mexmood.com\/index.php?rest_route=\/wp\/v2\/pages\/186\/revisions"}],"predecessor-version":[{"id":233,"href":"https:\/\/mexmood.com\/index.php?rest_route=\/wp\/v2\/pages\/186\/revisions\/233"}],"wp:attachment":[{"href":"https:\/\/mexmood.com\/index.php?rest_route=%2Fwp%2Fv2%2Fmedia&parent=186"}],"curies":[{"name":"wp","href":"https:\/\/api.w.org\/{rel}","templated":true}]}}